{"id":1701,"date":"2015-02-19T15:00:33","date_gmt":"2015-02-19T19:00:33","guid":{"rendered":"http:\/\/limonade.wpengine.com\/?page_id=1701"},"modified":"2016-10-20T09:04:43","modified_gmt":"2016-10-20T13:04:43","slug":"gracias-por-contactarnos","status":"publish","type":"page","link":"https:\/\/limonadeinc.com\/es\/contactenos\/gracias-por-contactarnos\/","title":{"rendered":"\u00a1Gracias por contactarnos!"},"content":{"rendered":"<p>\t\t\t\t<img decoding=\"async\" src=\"https:\/\/limonadeinc.com\/wp-content\/uploads\/thank-you.jpg\" alt=\"Thank you\" itemprop=\"image\"  \/><\/p>\n<p style=\"text-align: left;\">Nos estaremos comunicando con usted en un tiempo razonable<\/p>\n<p style=\"text-align: left;\"><em>(usualmente en 24 horas durante los d\u00edas de semana).<\/em><\/p>\n<p style=\"text-align: left;\">Due\u00f1o de Negocio o Ejecutivo, tenemos <a title=\"Online Business 101 Tips\" href=\"https:\/\/limonadeinc.com\/blog\/\">consejos de negocios online aqu\u00ed&#8230;<\/a><\/p>\n<h1>\n\t\tCon\u00e9ctate con Nosotros<br \/>\n\t<\/h1>\n<p>\t\t\t\t<img decoding=\"async\" src=\"https:\/\/limonadeinc.com\/wp-content\/uploads\/stencil.default-12.jpg\" alt=\"Connect Bridge\" itemprop=\"image\"  \/><\/p>\n","protected":false},"excerpt":{"rendered":"<p>Nos estaremos comunicando con usted en un tiempo razonable (usualmente en 24 horas durante los d\u00edas de semana). Due\u00f1o de Negocio o Ejecutivo, tenemos consejos de negocios online aqu\u00ed&#8230; Con\u00e9ctate con Nosotros<\/p>\n","protected":false},"author":1,"featured_media":2932,"parent":1693,"menu_order":0,"comment_status":"closed","ping_status":"closed","template":"","meta":{"_seopress_robots_primary_cat":"","_seopress_titles_title":"Gracias por ponerse en contacto - Wordpress - Puerto Rico","_seopress_titles_desc":"Agradecemos el intento de contactar a nuestro equipo. Compuesto por desarrolladores de wordpress, dise\u00f1adores, y Estrategas de negocios.  En San Juan, Puerto Rico\u200b","_seopress_robots_index":"","footnotes":""},"class_list":["post-1701","page","type-page","status-publish","has-post-thumbnail","hentry"],"_links":{"self":[{"href":"https:\/\/limonadeinc.com\/es\/wp-json\/wp\/v2\/pages\/1701","targetHints":{"allow":["GET"]}}],"collection":[{"href":"https:\/\/limonadeinc.com\/es\/wp-json\/wp\/v2\/pages"}],"about":[{"href":"https:\/\/limonadeinc.com\/es\/wp-json\/wp\/v2\/types\/page"}],"author":[{"embeddable":true,"href":"https:\/\/limonadeinc.com\/es\/wp-json\/wp\/v2\/users\/1"}],"replies":[{"embeddable":true,"href":"https:\/\/limonadeinc.com\/es\/wp-json\/wp\/v2\/comments?post=1701"}],"version-history":[{"count":0,"href":"https:\/\/limonadeinc.com\/es\/wp-json\/wp\/v2\/pages\/1701\/revisions"}],"up":[{"embeddable":true,"href":"https:\/\/limonadeinc.com\/es\/wp-json\/wp\/v2\/pages\/1693"}],"wp:featuredmedia":[{"embeddable":true,"href":"https:\/\/limonadeinc.com\/es\/wp-json\/wp\/v2\/media\/2932"}],"wp:attachment":[{"href":"https:\/\/limonadeinc.com\/es\/wp-json\/wp\/v2\/media?parent=1701"}],"curies":[{"name":"wp","href":"https:\/\/api.w.org\/{rel}","templated":true}]}}